{"id":85,"date":"2016-03-21T14:52:18","date_gmt":"2016-03-21T13:52:18","guid":{"rendered":"http:\/\/acelektro.info\/?page_id=85"},"modified":"2025-01-16T13:13:55","modified_gmt":"2025-01-16T12:13:55","slug":"biuro-projektowe","status":"publish","type":"page","link":"https:\/\/acelektro.pl\/no\/tilbud\/prosjekteringskontor\/","title":{"rendered":"PROSJEKTERINGSKONTOR"},"content":{"rendered":"<p>V\u00e5re ingeni\u00f8rer har b\u00e5de omfattende kunnskap og erfaring.<\/p>\n<p>Vi utarbeider teknisk dokumentasjon og driftsdokumentasjon for tavler og marine elektriske systemer.<br \/>\nAC Elektro Systems Sp. z o. o. tilbyr omfattende st\u00f8tte i gjennomf\u00f8ring av prosjekter ved hjelp av moderne CAD-systemer.<br \/>\nProsjekter utf\u00f8rt av AC Elektro Systems Sp. z o. o. kjennetegnes av n\u00f8yaktighet og kort gjennomf\u00f8ringsperiode, og samtidig full overensstemmelse med gjeldende standarder, forskrifter og kundens behov.<\/p>\n<p><script type=\"text\/javascript\"><\/p>\n<p><\/script><\/p>","protected":false},"excerpt":{"rendered":"<p>V\u00e5re ingeni\u00f8rer har b\u00e5de omfattende kunnskap og erfaring. Vi utarbeider teknisk dokumentasjon og driftsdokumentasjon for tavler og marine elektriske systemer. AC Elektro Systems Sp. z o. o. tilbyr omfattende st\u00f8tte i gjennomf\u00f8ring av prosjekter ved hjelp av moderne CAD-systemer. Prosjekter utf\u00f8rt av AC Elektro Systems Sp. z o. o. kjennetegnes av n\u00f8yaktighet og kort gjennomf\u00f8ringsperiode, [&hellip;]<\/p>\n","protected":false},"author":1,"featured_media":533,"parent":6,"menu_order":0,"comment_status":"closed","ping_status":"closed","template":"","meta":[],"_links":{"self":[{"href":"https:\/\/acelektro.pl\/no\/wp-json\/wp\/v2\/pages\/85"}],"collection":[{"href":"https:\/\/acelektro.pl\/no\/wp-json\/wp\/v2\/pages"}],"about":[{"href":"https:\/\/acelektro.pl\/no\/wp-json\/wp\/v2\/types\/page"}],"author":[{"embeddable":true,"href":"https:\/\/acelektro.pl\/no\/wp-json\/wp\/v2\/users\/1"}],"replies":[{"embeddable":true,"href":"https:\/\/acelektro.pl\/no\/wp-json\/wp\/v2\/comments?post=85"}],"version-history":[{"count":30,"href":"https:\/\/acelektro.pl\/no\/wp-json\/wp\/v2\/pages\/85\/revisions"}],"predecessor-version":[{"id":1688,"href":"https:\/\/acelektro.pl\/no\/wp-json\/wp\/v2\/pages\/85\/revisions\/1688"}],"up":[{"embeddable":true,"href":"https:\/\/acelektro.pl\/no\/wp-json\/wp\/v2\/pages\/6"}],"wp:featuredmedia":[{"embeddable":true,"href":"https:\/\/acelektro.pl\/no\/wp-json\/wp\/v2\/media\/533"}],"wp:attachment":[{"href":"https:\/\/acelektro.pl\/no\/wp-json\/wp\/v2\/media?parent=85"}],"curies":[{"name":"wp","href":"https:\/\/api.w.org\/{rel}","templated":true}]}}