{"id":83,"date":"2016-03-21T14:51:53","date_gmt":"2016-03-21T13:51:53","guid":{"rendered":"http:\/\/acelektro.info\/?page_id=83"},"modified":"2025-01-16T13:12:14","modified_gmt":"2025-01-16T12:12:14","slug":"aqua-culture","status":"publish","type":"page","link":"https:\/\/acelektro.pl\/no\/tilbud\/aquaculture\/","title":{"rendered":"AQUACULTURE"},"content":{"rendered":"<p>Havbruk er en av de mest voksende sektorer innen produksjon av fisk og sj\u00f8mat verden over.<br \/>\nAC Elektro Systems Sp. z o. o. har prosjektert og montert elektriske systemer p\u00e5 nesten 90 lektere og andre anlegg for drift av lakseoppdrett i flere land. Basert p\u00e5 mange \u00e5rs erfaring innen havbruk har vi bred kompetanse som vi bruker i r\u00e5dgivning og individuelle l\u00f8sninger.<\/p>\n<p><strong>V\u00e5re aktiviteter inkluderer:<\/strong><\/p>\n<ul>\n<li>Implementering og levering av prosjekter<\/li>\n<li>Produksjon og levering av tavler og kontrollkonsoller<\/li>\n<li>Montering av elektriske- og signalanlegg<\/li>\n<li>Montering av str\u00f8mgeneratorer<\/li>\n<li>Montering av styresystemer<\/li>\n<li>Montering av f\u00f4ringssystemer<\/li>\n<li>Testing og idriftsettelse<\/li>\n<li>Montering av kabeltras\u00e9er<\/li>\n<li>Montering av tilkoblinger og underst\u00f8ttelser for tavler<\/li>\n<li>Service og r\u00e5dgivning<\/li>\n<\/ul>\n<p><script type=\"text\/javascript\"><\/p>\n<p><\/script><\/p>","protected":false},"excerpt":{"rendered":"<p>Havbruk er en av de mest voksende sektorer innen produksjon av fisk og sj\u00f8mat verden over. AC Elektro Systems Sp. z o. o. har prosjektert og montert elektriske systemer p\u00e5 nesten 90 lektere og andre anlegg for drift av lakseoppdrett i flere land. Basert p\u00e5 mange \u00e5rs erfaring innen havbruk har vi bred kompetanse som [&hellip;]<\/p>\n","protected":false},"author":1,"featured_media":1509,"parent":6,"menu_order":0,"comment_status":"closed","ping_status":"closed","template":"","meta":[],"_links":{"self":[{"href":"https:\/\/acelektro.pl\/no\/wp-json\/wp\/v2\/pages\/83"}],"collection":[{"href":"https:\/\/acelektro.pl\/no\/wp-json\/wp\/v2\/pages"}],"about":[{"href":"https:\/\/acelektro.pl\/no\/wp-json\/wp\/v2\/types\/page"}],"author":[{"embeddable":true,"href":"https:\/\/acelektro.pl\/no\/wp-json\/wp\/v2\/users\/1"}],"replies":[{"embeddable":true,"href":"https:\/\/acelektro.pl\/no\/wp-json\/wp\/v2\/comments?post=83"}],"version-history":[{"count":45,"href":"https:\/\/acelektro.pl\/no\/wp-json\/wp\/v2\/pages\/83\/revisions"}],"predecessor-version":[{"id":1686,"href":"https:\/\/acelektro.pl\/no\/wp-json\/wp\/v2\/pages\/83\/revisions\/1686"}],"up":[{"embeddable":true,"href":"https:\/\/acelektro.pl\/no\/wp-json\/wp\/v2\/pages\/6"}],"wp:featuredmedia":[{"embeddable":true,"href":"https:\/\/acelektro.pl\/no\/wp-json\/wp\/v2\/media\/1509"}],"wp:attachment":[{"href":"https:\/\/acelektro.pl\/no\/wp-json\/wp\/v2\/media?parent=83"}],"curies":[{"name":"wp","href":"https:\/\/api.w.org\/{rel}","templated":true}]}}