{"id":4,"date":"2016-02-08T18:57:24","date_gmt":"2016-02-08T17:57:24","guid":{"rendered":"http:\/\/acelektro.info\/?page_id=4"},"modified":"2025-10-30T15:02:33","modified_gmt":"2025-10-30T14:02:33","slug":"o-nas","status":"publish","type":"page","link":"https:\/\/acelektro.pl\/no\/om-oss\/","title":{"rendered":"OM OSS"},"content":{"rendered":"<p><\/p>\n<p data-start=\"228\" data-end=\"507\"><strong data-start=\"228\" data-end=\"261\">AC Elektro Systems Sp. z o.o.<\/strong> er et selskap med <strong data-start=\"280\" data-end=\"304\">over ti \u00e5rs erfaring<\/strong> innen elektroteknisk industri.<br data-start=\"335\" data-end=\"338\" \/>Siden starten har vi kontinuerlig utviklet v\u00e5r infrastruktur og kompetanse, og vi gjennomf\u00f8rer prosjekter i <strong data-start=\"446\" data-end=\"471\">den maritime sektoren<\/strong> \u2013 b\u00e5de i Polen og internasjonalt.<\/p>\n<h2 data-start=\"514\" data-end=\"527\">V\u00e5r misjon<\/h2>\n<p data-start=\"529\" data-end=\"1003\">V\u00e5rt m\u00e5l er \u00e5 oppn\u00e5 <strong data-start=\"549\" data-end=\"574\">full kundetilfredshet<\/strong> gjennom <strong data-start=\"583\" data-end=\"614\">p\u00e5litelighet, fleksibilitet<\/strong> og <strong data-start=\"618\" data-end=\"651\">tjenester av h\u00f8yeste kvalitet<\/strong>.<br data-start=\"652\" data-end=\"655\" \/>Vi forbedrer kontinuerlig v\u00e5re produksjonsprosesser og legger stor vekt p\u00e5 selskapets omd\u00f8mme \u2013 et engasjement som bekreftes av en rekke vellykkede prosjekter. Kvaliteten p\u00e5 v\u00e5re tjenester er <strong data-start=\"849\" data-end=\"920\">sertifisert av Polish Register of Shipping (Polski Rejestr Statk\u00f3w)<\/strong>, noe som garanterer p\u00e5litelig gjennomf\u00f8ring av selv de mest krevende oppdragene.<\/p>\n<h2 data-start=\"1010\" data-end=\"1038\">V\u00e5rt team og v\u00e5re verdier<\/h2>\n<p data-start=\"1040\" data-end=\"1404\">Vi tror at <strong data-start=\"1051\" data-end=\"1093\">v\u00e5re medarbeidere er selskapets styrke<\/strong>.<br data-start=\"1094\" data-end=\"1097\" \/>Teamet i AC Elektro Systems best\u00e5r av erfarne og h\u00f8yt kvalifiserte spesialister, klare til \u00e5 ta p\u00e5 seg selv de mest krevende prosjektene. Vi verdsetter <strong data-start=\"1251\" data-end=\"1290\">\u00e6rlighet, p\u00e5litelighet og lojalitet<\/strong> \u2013 verdier som gjennom \u00e5rene har bygget tillit og langsiktige partnerskap med v\u00e5re kunder og samarbeidspartnere.<\/p>\n<h2 data-start=\"1411\" data-end=\"1431\">Virksomhetsomr\u00e5de<\/h2>\n<p data-start=\"1433\" data-end=\"1684\">For \u00e5 m\u00f8te de stadig \u00f8kende behovene til v\u00e5re kunder <strong data-start=\"1486\" data-end=\"1533\">utvider vi kontinuerlig v\u00e5rt tjenestetilbud<\/strong>.<br data-start=\"1534\" data-end=\"1537\" \/>Vi tilbyr <strong data-start=\"1547\" data-end=\"1602\">helhetlige l\u00f8sninger for elektrotekniske prosjekter<\/strong> \u2013 fra konseptutvikling og design, til produksjon, installasjon og igangkj\u00f8ring.<\/p>\n<p data-start=\"1686\" data-end=\"1833\">V\u00e5r erfaring og fleksibilitet gj\u00f8r det mulig for oss \u00e5 gjennomf\u00f8re prosjekter <strong data-start=\"1764\" data-end=\"1800\">b\u00e5de i Polen og over hele verden<\/strong> med h\u00f8y kvalitet og presisjon.<\/p>\n<p><\/p>","protected":false},"excerpt":{"rendered":"<p>AC Elektro Systems Sp. z o.o. er et selskap med over ti \u00e5rs erfaring innen elektroteknisk industri.Siden starten har vi kontinuerlig utviklet v\u00e5r infrastruktur og kompetanse, og vi gjennomf\u00f8rer prosjekter i den maritime sektoren \u2013 b\u00e5de i Polen og internasjonalt. V\u00e5r misjon V\u00e5rt m\u00e5l er \u00e5 oppn\u00e5 full kundetilfredshet gjennom p\u00e5litelighet, fleksibilitet og tjenester av [&hellip;]<\/p>\n","protected":false},"author":1,"featured_media":1419,"parent":0,"menu_order":0,"comment_status":"closed","ping_status":"closed","template":"","meta":[],"_links":{"self":[{"href":"https:\/\/acelektro.pl\/no\/wp-json\/wp\/v2\/pages\/4"}],"collection":[{"href":"https:\/\/acelektro.pl\/no\/wp-json\/wp\/v2\/pages"}],"about":[{"href":"https:\/\/acelektro.pl\/no\/wp-json\/wp\/v2\/types\/page"}],"author":[{"embeddable":true,"href":"https:\/\/acelektro.pl\/no\/wp-json\/wp\/v2\/users\/1"}],"replies":[{"embeddable":true,"href":"https:\/\/acelektro.pl\/no\/wp-json\/wp\/v2\/comments?post=4"}],"version-history":[{"count":95,"href":"https:\/\/acelektro.pl\/no\/wp-json\/wp\/v2\/pages\/4\/revisions"}],"predecessor-version":[{"id":1827,"href":"https:\/\/acelektro.pl\/no\/wp-json\/wp\/v2\/pages\/4\/revisions\/1827"}],"wp:featuredmedia":[{"embeddable":true,"href":"https:\/\/acelektro.pl\/no\/wp-json\/wp\/v2\/media\/1419"}],"wp:attachment":[{"href":"https:\/\/acelektro.pl\/no\/wp-json\/wp\/v2\/media?parent=4"}],"curies":[{"name":"wp","href":"https:\/\/api.w.org\/{rel}","templated":true}]}}