{"id":83,"date":"2016-03-21T14:51:53","date_gmt":"2016-03-21T13:51:53","guid":{"rendered":"http:\/\/acelektro.info\/?page_id=83"},"modified":"2025-01-16T13:12:14","modified_gmt":"2025-01-16T12:12:14","slug":"aqua-culture","status":"publish","type":"page","link":"https:\/\/acelektro.pl\/de\/angebot\/aquakultur\/","title":{"rendered":"AQUAKULTUR"},"content":{"rendered":"<p>Aquakultur ist zur Zeit einer der sich meist entwickelnden Sektoren der Fisch- und Meeresfr\u00fcchteproduktion auf der Welt.<br \/>\nIn Anlehnung an Auftr\u00e4ge und Zufriedenheit unserer Kunden hat unsere Firma AC Elektro Systems Sp. z o.o. \/GmbH komplexe Baupl\u00e4ne von Elektroleitungen f\u00fcr fast 90 K\u00e4hne, die sich mit Betreibung von Lachsfarmen in vielen L\u00e4ndern besch\u00e4ftigen, ausgef\u00fchrt und eingesetzt. Dank mehrj\u00e4hriger Erfahrung in der Aquakultur verf\u00fcgen wir \u00fcber hohes Wissen, das wir in Beratung und individuellen L\u00f6sungen ausnutzen.<\/p>\n<p><strong>Unsere T\u00e4tigkeiten umfassen:<\/strong><\/p>\n<ul>\n<li>Einf\u00fchrung und Lieferung der Projekte<\/li>\n<li>Herstellung und Lieferung von Schaltanlagen und Steuerkonsolen<\/li>\n<li>Montage der elektrischen und Signalanlagen<\/li>\n<li>Montage der stromerzeugenden Systeme<\/li>\n<li>Montage von Kontrollsystemen<\/li>\n<li>Montage der Einspeisesysteme<\/li>\n<li>\u00dcberpr\u00fcfung und Inbetriebnahme<\/li>\n<li>Montage der Kabelkan\u00e4le<\/li>\n<li>Montage von Ans\u00e4tzen und Basen f\u00fcr elektrische Schaltanlagen<\/li>\n<li>Service und Beratung<\/li>\n<\/ul>\n<p><script type=\"text\/javascript\"><\/p>\n<p><\/script><\/p>","protected":false},"excerpt":{"rendered":"<p>Aquakultur ist zur Zeit einer der sich meist entwickelnden Sektoren der Fisch- und Meeresfr\u00fcchteproduktion auf der Welt. In Anlehnung an Auftr\u00e4ge und Zufriedenheit unserer Kunden hat unsere Firma AC Elektro Systems Sp. z o.o. \/GmbH komplexe Baupl\u00e4ne von Elektroleitungen f\u00fcr fast 90 K\u00e4hne, die sich mit Betreibung von Lachsfarmen in vielen L\u00e4ndern besch\u00e4ftigen, ausgef\u00fchrt und [&hellip;]<\/p>\n","protected":false},"author":1,"featured_media":1509,"parent":6,"menu_order":0,"comment_status":"closed","ping_status":"closed","template":"","meta":[],"_links":{"self":[{"href":"https:\/\/acelektro.pl\/de\/wp-json\/wp\/v2\/pages\/83"}],"collection":[{"href":"https:\/\/acelektro.pl\/de\/wp-json\/wp\/v2\/pages"}],"about":[{"href":"https:\/\/acelektro.pl\/de\/wp-json\/wp\/v2\/types\/page"}],"author":[{"embeddable":true,"href":"https:\/\/acelektro.pl\/de\/wp-json\/wp\/v2\/users\/1"}],"replies":[{"embeddable":true,"href":"https:\/\/acelektro.pl\/de\/wp-json\/wp\/v2\/comments?post=83"}],"version-history":[{"count":45,"href":"https:\/\/acelektro.pl\/de\/wp-json\/wp\/v2\/pages\/83\/revisions"}],"predecessor-version":[{"id":1686,"href":"https:\/\/acelektro.pl\/de\/wp-json\/wp\/v2\/pages\/83\/revisions\/1686"}],"up":[{"embeddable":true,"href":"https:\/\/acelektro.pl\/de\/wp-json\/wp\/v2\/pages\/6"}],"wp:featuredmedia":[{"embeddable":true,"href":"https:\/\/acelektro.pl\/de\/wp-json\/wp\/v2\/media\/1509"}],"wp:attachment":[{"href":"https:\/\/acelektro.pl\/de\/wp-json\/wp\/v2\/media?parent=83"}],"curies":[{"name":"wp","href":"https:\/\/api.w.org\/{rel}","templated":true}]}}