{"id":4,"date":"2016-02-08T18:57:24","date_gmt":"2016-02-08T17:57:24","guid":{"rendered":"http:\/\/acelektro.info\/?page_id=4"},"modified":"2025-10-30T15:02:33","modified_gmt":"2025-10-30T14:02:33","slug":"o-nas","status":"publish","type":"page","link":"http:\/\/acelektro.pl\/de\/uber-uns\/","title":{"rendered":"\u00dcber uns"},"content":{"rendered":"<p><\/p>\n<p data-start=\"249\" data-end=\"580\"><strong data-start=\"249\" data-end=\"282\">AC Elektro Systems Sp. z o.o.<\/strong> ist ein Unternehmen, das auf <strong data-start=\"312\" data-end=\"342\">\u00fcber zehn Jahren Erfahrung<\/strong> in der elektrotechnischen Branche basiert. Seit Beginn unserer T\u00e4tigkeit entwickeln wir konsequent unsere Infrastruktur und Kompetenzen weiter und realisieren Projekte im <strong data-start=\"516\" data-end=\"536\">maritimen Sektor<\/strong> \u2013 sowohl in Polen als auch international.<\/p>\n<h2 data-start=\"587\" data-end=\"604\">Unsere Mission<\/h2>\n<p data-start=\"606\" data-end=\"1178\">Unser Ziel ist es, <strong data-start=\"625\" data-end=\"667\">die volle Zufriedenheit unserer Kunden<\/strong> zu erreichen \u2013 durch <strong data-start=\"689\" data-end=\"722\">Zuverl\u00e4ssigkeit, Flexibilit\u00e4t<\/strong> und <strong data-start=\"727\" data-end=\"772\">h\u00f6chste Qualit\u00e4t unserer Dienstleistungen<\/strong>. Wir optimieren kontinuierlich unsere Produktionsprozesse und legen gro\u00dfen Wert auf das Ansehen unseres Unternehmens \u2013 ein Engagement, das durch zahlreiche erfolgreich abgeschlossene Projekte best\u00e4tigt wird. Die Qualit\u00e4t unserer Leistungen ist <strong data-start=\"1021\" data-end=\"1080\">vom Polnischen Schiffsregister (Polski Rejestr Statk\u00f3w)<\/strong> zertifiziert und garantiert eine zuverl\u00e4ssige Ausf\u00fchrung selbst der anspruchsvollsten Auftr\u00e4ge.<\/p>\n<h2 data-start=\"1185\" data-end=\"1215\">Unser Team und unsere Werte<\/h2>\n<p data-start=\"1217\" data-end=\"1614\">Wir glauben, dass <strong data-start=\"1235\" data-end=\"1294\">unsere Mitarbeiter die St\u00e4rke unseres Unternehmens sind<\/strong>.<br data-start=\"1295\" data-end=\"1298\" \/>Unser Team besteht aus erfahrenen und hochqualifizierten Fachkr\u00e4ften, die bereit sind, auch die anspruchsvollsten Projekte erfolgreich umzusetzen. Wir setzen auf <strong data-start=\"1462\" data-end=\"1508\">Ehrlichkeit, Zuverl\u00e4ssigkeit und Loyalit\u00e4t<\/strong> \u2013 Werte, die seit Jahren das Vertrauen und die langfristige Zusammenarbeit mit unseren Partnern pr\u00e4gen.<\/p>\n<h2 data-start=\"1621\" data-end=\"1641\">T\u00e4tigkeitsbereich<\/h2>\n<p data-start=\"1643\" data-end=\"1934\">Als Antwort auf die wachsenden Anforderungen unserer Kunden <strong data-start=\"1703\" data-end=\"1764\">erweitern wir kontinuierlich unser Dienstleistungsangebot<\/strong>. Wir bieten <strong data-start=\"1779\" data-end=\"1835\">umfassende L\u00f6sungen im Bereich elektrischer Projekte<\/strong> \u2013 von der Konzeptentwicklung \u00fcber Planung und Produktion bis hin zur Montage und Inbetriebnahme.<\/p>\n<p data-start=\"1936\" data-end=\"2066\">Unsere Erfahrung und Flexibilit\u00e4t erm\u00f6glichen es uns, Projekte <strong data-start=\"1999\" data-end=\"2036\">sowohl in Polen als auch weltweit<\/strong> erfolgreich zu realisieren.<\/p>\n<p><\/p>","protected":false},"excerpt":{"rendered":"<p>AC Elektro Systems Sp. z o.o. ist ein Unternehmen, das auf \u00fcber zehn Jahren Erfahrung in der elektrotechnischen Branche basiert. Seit Beginn unserer T\u00e4tigkeit entwickeln wir konsequent unsere Infrastruktur und Kompetenzen weiter und realisieren Projekte im maritimen Sektor \u2013 sowohl in Polen als auch international. Unsere Mission Unser Ziel ist es, die volle Zufriedenheit unserer [&hellip;]<\/p>\n","protected":false},"author":1,"featured_media":1419,"parent":0,"menu_order":0,"comment_status":"closed","ping_status":"closed","template":"","meta":[],"_links":{"self":[{"href":"http:\/\/acelektro.pl\/de\/wp-json\/wp\/v2\/pages\/4"}],"collection":[{"href":"http:\/\/acelektro.pl\/de\/wp-json\/wp\/v2\/pages"}],"about":[{"href":"http:\/\/acelektro.pl\/de\/wp-json\/wp\/v2\/types\/page"}],"author":[{"embeddable":true,"href":"http:\/\/acelektro.pl\/de\/wp-json\/wp\/v2\/users\/1"}],"replies":[{"embeddable":true,"href":"http:\/\/acelektro.pl\/de\/wp-json\/wp\/v2\/comments?post=4"}],"version-history":[{"count":95,"href":"http:\/\/acelektro.pl\/de\/wp-json\/wp\/v2\/pages\/4\/revisions"}],"predecessor-version":[{"id":1827,"href":"http:\/\/acelektro.pl\/de\/wp-json\/wp\/v2\/pages\/4\/revisions\/1827"}],"wp:featuredmedia":[{"embeddable":true,"href":"http:\/\/acelektro.pl\/de\/wp-json\/wp\/v2\/media\/1419"}],"wp:attachment":[{"href":"http:\/\/acelektro.pl\/de\/wp-json\/wp\/v2\/media?parent=4"}],"curies":[{"name":"wp","href":"https:\/\/api.w.org\/{rel}","templated":true}]}}